{"id":2,"date":"2019-11-19T00:48:45","date_gmt":"2019-11-19T00:48:45","guid":{"rendered":"https:\/\/aathatsit.com\/?page_id=2"},"modified":"2019-11-22T15:10:41","modified_gmt":"2019-11-22T12:10:41","slug":"sample-page","status":"publish","type":"page","link":"https:\/\/aathatsit.co\/?page_id=2","title":{"rendered":"\u015eartlar ve Ko\u015fullar"},"content":{"rendered":"\n<p>\nS\u0130TE\nKULLANIM \u015eARTLARI<\/p>\n\n\n\n<p>\nL\u00fctfen\nsitemizi kullanmadan evvel bu \u2018site kullan\u0131m \u015fartlar\u0131\u2019n\u0131\ndikkatlice okuyunuz.&nbsp;<\/p>\n\n\n\n<p>\nBu\nal\u0131\u015fveri\u015f sitesini kullanan ve al\u0131\u015fveri\u015f yapan m\u00fc\u015fterilerimiz\na\u015fa\u011f\u0131daki \u015fartlar\u0131 kabul etmi\u015f varsay\u0131lmaktad\u0131r:<\/p>\n\n\n\n<p>\nSitemizdeki\nweb sayfalar\u0131 ve ona ba\u011fl\u0131 t\u00fcm sayfalar (\u2018site\u2019) MEHMET AK\u0130F\nCADDES\u0130 B\u0130R\u0130NC\u0130 SOKAK NO:22-24 EMEK \u0130\u015e MERKEZ\u0130\n\u015e\u0130R\u0130NEVLER\/\u0130STANBUL adresindeki G\u00dcN INTERNASYONEL G\u00dcMR\u00dcK\nM\u00dc\u015eAV\u0130RL\u0130\u011e\u0130 LTD. \u015eT\u0130..firmas\u0131n\u0131n (Firma) mal\u0131d\u0131r ve onun\ntaraf\u0131ndan i\u015fletilir. Sizler (\u2018Kullan\u0131c\u0131\u2019) sitede sunulan t\u00fcm\nhizmetleri kullan\u0131rken a\u015fa\u011f\u0131daki \u015fartlara tabi oldu\u011funuzu,\nsitedeki hizmetten yararlanmakla ve kullanmaya devam etmekle; Ba\u011fl\u0131\noldu\u011funuz yasalara g\u00f6re s\u00f6zle\u015fme imzalama hakk\u0131na, yetkisine ve\nhukuki ehliyetine sahip ve 18 ya\u015f\u0131n \u00fczerinde oldu\u011funuzu, bu\ns\u00f6zle\u015fmeyi okudu\u011funuzu, anlad\u0131\u011f\u0131n\u0131z\u0131 ve s\u00f6zle\u015fmede yazan\n\u015fartlarla ba\u011fl\u0131 oldu\u011funuzu kabul etmi\u015f say\u0131l\u0131rs\u0131n\u0131z.&nbsp;<\/p>\n\n\n\n<p>\n\u0130\u015fbu\ns\u00f6zle\u015fme taraflara s\u00f6zle\u015fme konusu site ile ilgili hak ve\ny\u00fck\u00fcml\u00fcl\u00fckler y\u00fckler ve taraflar i\u015fbu s\u00f6zle\u015fmeyi kabul\nettiklerinde bahsi ge\u00e7en hak ve y\u00fck\u00fcml\u00fcl\u00fckleri eksiksiz, do\u011fru,\nzaman\u0131nda, i\u015fbu s\u00f6zle\u015fmede talep edilen \u015fartlar d\u00e2hilinde\nyerine getireceklerini beyan ederler.<\/p>\n\n\n\n<p>\n1.\nSORUMLULUKLAR<\/p>\n\n\n\n<p>\na.Firma,\nfiyatlar ve sunulan \u00fcr\u00fcn ve hizmetler \u00fczerinde de\u011fi\u015fiklik yapma\nhakk\u0131n\u0131 her zaman sakl\u0131 tutar.&nbsp;<\/p>\n\n\n\n<p>\nb.Firma,\n\u00fcyenin s\u00f6zle\u015fme konusu hizmetlerden, teknik ar\u0131zalar d\u0131\u015f\u0131nda\nyararland\u0131r\u0131laca\u011f\u0131n\u0131 kabul ve taahh\u00fct eder.<\/p>\n\n\n\n<p>\nc.Kullan\u0131c\u0131,\nsitenin kullan\u0131m\u0131nda tersine m\u00fchendislik yapmayaca\u011f\u0131n\u0131 ya da\nbunlar\u0131n kaynak kodunu bulmak veya elde etmek amac\u0131na y\u00f6nelik\nherhangi bir ba\u015fka i\u015flemde bulunmayaca\u011f\u0131n\u0131 aksi halde ve 3.\nKi\u015filer nezdinde do\u011facak zararlardan sorumlu olaca\u011f\u0131n\u0131, hakk\u0131nda\nhukuki ve cezai i\u015flem yap\u0131laca\u011f\u0131n\u0131 pe\u015finen kabul eder.&nbsp;<\/p>\n\n\n\n<p>\nd.Kullan\u0131c\u0131,\nsite i\u00e7indeki faaliyetlerinde, sitenin herhangi bir b\u00f6l\u00fcm\u00fcnde\nveya ileti\u015fimlerinde genel ahlaka ve adaba ayk\u0131r\u0131, kanuna ayk\u0131r\u0131,\n3. Ki\u015filerin haklar\u0131n\u0131 zedeleyen, yan\u0131lt\u0131c\u0131, sald\u0131rgan,\nm\u00fcstehcen, pornografik, ki\u015filik haklar\u0131n\u0131 zedeleyen, telif\nhaklar\u0131na ayk\u0131r\u0131, yasa d\u0131\u015f\u0131 faaliyetleri te\u015fvik eden i\u00e7erikler\n\u00fcretmeyece\u011fini, payla\u015fmayaca\u011f\u0131n\u0131 kabul eder. Aksi halde\nolu\u015facak zarardan tamamen kendisi sorumludur ve bu durumda \u2018Site\u2019\nyetkilileri, bu t\u00fcr hesaplar\u0131 ask\u0131ya alabilir, sona erdirebilir,\nyasal s\u00fcre\u00e7 ba\u015flatma hakk\u0131n\u0131 sakl\u0131 tutar. Bu sebeple yarg\u0131\nmercilerinden etkinlik veya kullan\u0131c\u0131 hesaplar\u0131 ile ilgili bilgi\ntalepleri gelirse payla\u015fma hakk\u0131n\u0131 sakl\u0131 tutar.<\/p>\n\n\n\n<p>\ne.Sitenin\n\u00fcyelerinin birbirleri veya \u00fc\u00e7\u00fcnc\u00fc \u015fah\u0131slarla olan ili\u015fkileri\nkendi sorumlulu\u011fundad\u0131r.&nbsp;<\/p>\n\n\n\n<p>\n2.\n&nbsp;Fikri M\u00fclkiyet Haklar\u0131<\/p>\n\n\n\n<p>\n2.1.\n\u0130\u015fbu Site\u2019de yer alan \u00fcnvan, i\u015fletme ad\u0131, marka, patent, logo,\ntasar\u0131m, bilgi ve y\u00f6ntem gibi tescilli veya tescilsiz t\u00fcm fikri\nm\u00fclkiyet haklar\u0131 site i\u015fleteni ve sahibi firmaya veya belirtilen\nilgilisine ait olup, ulusal ve uluslararas\u0131 hukukun korumas\u0131\nalt\u0131ndad\u0131r. \u0130\u015fbu Site\u2019nin ziyaret edilmesi veya bu Site\u2019deki\nhizmetlerden yararlan\u0131lmas\u0131 s\u00f6z konusu fikri m\u00fclkiyet haklar\u0131\nkonusunda hi\u00e7bir hak vermez.<\/p>\n\n\n\n<p>\n2.2.\nSite\u2019de yer alan bilgiler hi\u00e7bir \u015fekilde \u00e7o\u011falt\u0131lamaz,\nyay\u0131nlanamaz, kopyalanamaz, sunulamaz ve\/veya aktar\u0131lamaz. Site\u2019nin\nb\u00fct\u00fcn\u00fc veya bir k\u0131sm\u0131 di\u011fer bir internet sitesinde izinsiz\nolarak kullan\u0131lamaz.&nbsp;<\/p>\n\n\n\n<p>\n3.\nGizli Bilgi<\/p>\n\n\n\n<p>\n3.1.\nFirma, site \u00fczerinden kullan\u0131c\u0131lar\u0131n iletti\u011fi ki\u015fisel bilgileri\n3. Ki\u015filere a\u00e7\u0131klamayacakt\u0131r. Bu ki\u015fisel bilgiler; ki\u015fi\nad\u0131-soyad\u0131, adresi, telefon numaras\u0131, cep telefonu, e-posta adresi\ngibi Kullan\u0131c\u0131\u2019y\u0131 tan\u0131mlamaya y\u00f6nelik her t\u00fcrl\u00fc di\u011fer\nbilgiyi i\u00e7ermekte olup, k\u0131saca \u2018Gizli Bilgiler\u2019 olarak\nan\u0131lacakt\u0131r.<\/p>\n\n\n\n<p>\n3.2.\nKullan\u0131c\u0131, sadece tan\u0131t\u0131m, reklam, kampanya, promosyon, duyuru\nvb. pazarlama faaliyetleri kapsam\u0131nda kullan\u0131lmas\u0131 ile s\u0131n\u0131rl\u0131\nolmak \u00fczere, Site\u2019nin sahibi olan firman\u0131n kendisine ait\nileti\u015fim, portf\u00f6y durumu ve demografik bilgilerini i\u015ftirakleri ya\nda ba\u011fl\u0131 bulundu\u011fu grup \u015firketleri ile payla\u015fmas\u0131na muvafakat\netti\u011fini kabul ve beyan eder. Bu ki\u015fisel bilgiler firma b\u00fcnyesinde\nm\u00fc\u015fteri profili belirlemek, m\u00fc\u015fteri profiline uygun promosyon ve\nkampanyalar sunmak ve istatistiksel \u00e7al\u0131\u015fmalar yapmak amac\u0131yla\nkullan\u0131labilecektir.<\/p>\n\n\n\n<p>\n3.3.\nGizli Bilgiler, ancak resmi makamlarca usul\u00fc dairesinde bu\nbilgilerin talep edilmesi halinde ve y\u00fcr\u00fcrl\u00fckteki emredici mevzuat\nh\u00fck\u00fcmleri gere\u011fince resmi makamlara a\u00e7\u0131klama yap\u0131lmas\u0131n\u0131n\nzorunlu oldu\u011fu durumlarda resmi makamlara a\u00e7\u0131klanabilecektir.<\/p>\n\n\n\n<p>\n4.\nGaranti Vermeme: \u0130\u015eBU S\u00d6ZLE\u015eME MADDES\u0130 UYGULANAB\u0130L\u0130R KANUNUN\n\u0130Z\u0130N VERD\u0130\u011e\u0130 AZAM\u0130 \u00d6L\u00c7\u00dcDE GE\u00c7ERL\u0130 OLACAKTIR. F\u0130RMA\nTARAFINDAN SUNULAN H\u0130ZMETLER &#8220;OLDU\u011eU G\u0130B\u0130\u201d VE &#8220;M\u00dcMK\u00dcN\nOLDU\u011eU\u201d TEMELDE SUNULMAKTA VE PAZARLANAB\u0130L\u0130RL\u0130K, BEL\u0130RL\u0130 B\u0130R\nAMACA UYGUNLUK VEYA \u0130HLAL ETMEME KONUSUNDA T\u00dcM ZIMN\u0130 GARANT\u0130LER\nDE D\u00c2H\u0130L OLMAK \u00dcZERE H\u0130ZMETLER VEYA UYGULAMA \u0130LE \u0130LG\u0130L\u0130\nOLARAK (BUNLARDA YER ALAN T\u00dcM B\u0130LG\u0130LER D\u00c2H\u0130L) SAR\u0130H VEYA ZIMN\u0130,\nKANUN\u0130 VEYA BA\u015eKA B\u0130R N\u0130TEL\u0130KTE H\u0130\u00c7B\u0130R GARANT\u0130DE\nBULUNMAMAKTADIR.&nbsp;<\/p>\n\n\n\n<p>\n5.\nKay\u0131t ve G\u00fcvenlik&nbsp;<\/p>\n\n\n\n<p>\nKullan\u0131c\u0131,\ndo\u011fru, eksiksiz ve g\u00fcncel kay\u0131t bilgilerini vermek zorundad\u0131r.\nAksi halde bu S\u00f6zle\u015fme ihlal edilmi\u015f say\u0131lacak ve Kullan\u0131c\u0131\nbilgilendirilmeksizin hesap kapat\u0131labilecektir.<\/p>\n\n\n\n<p>\nKullan\u0131c\u0131,\nsite ve \u00fc\u00e7\u00fcnc\u00fc taraf sitelerdeki \u015fifre ve hesap g\u00fcvenli\u011finden\nkendisi sorumludur. Aksi halde olu\u015facak veri kay\u0131plar\u0131ndan ve\ng\u00fcvenlik ihlallerinden veya donan\u0131m ve cihazlar\u0131n zarar\ng\u00f6rmesinden Firma sorumlu tutulamaz.<\/p>\n\n\n\n<p>\n6.\nM\u00fccbir Sebep<\/p>\n\n\n\n<p>\nTaraflar\u0131n\nkontrol\u00fcnde olmayan; tabii afetler, yang\u0131n, patlamalar, i\u00e7\nsava\u015flar, sava\u015flar, ayaklanmalar, halk hareketleri, seferberlik\nilan\u0131, grev, lokavt ve salg\u0131n hastal\u0131klar, altyap\u0131 ve internet\nar\u0131zalar\u0131, elektrik kesintisi gibi sebeplerden (a\u015fa\u011f\u0131da birlikte\n&#8220;M\u00fccbir Sebep\u201d olarak an\u0131lacakt\u0131r.) dolay\u0131 s\u00f6zle\u015fmeden\ndo\u011fan y\u00fck\u00fcml\u00fcl\u00fckler taraflarca ifa edilemez hale gelirse,\ntaraflar bundan sorumlu de\u011fildir. Bu s\u00fcrede Taraflar\u2019\u0131n i\u015fbu\nS\u00f6zle\u015fme\u2019den do\u011fan hak ve y\u00fck\u00fcml\u00fcl\u00fckleri ask\u0131ya al\u0131n\u0131r.&nbsp;<\/p>\n\n\n\n<p>\n7.\nS\u00f6zle\u015fmenin B\u00fct\u00fcnl\u00fc\u011f\u00fc ve Uygulanabilirlik<\/p>\n\n\n\n<p>\n\u0130\u015fbu\ns\u00f6zle\u015fme \u015fartlar\u0131ndan biri, k\u0131smen veya tamamen ge\u00e7ersiz hale\ngelirse, s\u00f6zle\u015fmenin geri kalan\u0131 ge\u00e7erlili\u011fini korumaya devam\neder.<\/p>\n\n\n\n<p>\n8.\nS\u00f6zle\u015fmede Yap\u0131lacak De\u011fi\u015fiklikler<\/p>\n\n\n\n<p>\nFirma,\ndiledi\u011fi zaman sitede sunulan hizmetleri ve i\u015fbu s\u00f6zle\u015fme\n\u015fartlar\u0131n\u0131 k\u0131smen veya tamamen de\u011fi\u015ftirebilir. De\u011fi\u015fiklikler\nsitede yay\u0131nland\u0131\u011f\u0131 tarihten itibaren ge\u00e7erli olacakt\u0131r.\nDe\u011fi\u015fiklikleri takip etmek Kullan\u0131c\u0131\u2019n\u0131n sorumlulu\u011fundad\u0131r.\nKullan\u0131c\u0131, sunulan hizmetlerden yararlanmaya devam etmekle bu\nde\u011fi\u015fiklikleri de kabul etmi\u015f say\u0131l\u0131r.<\/p>\n\n\n\n<p>\n9.\nTebligat<\/p>\n\n\n\n<p>\n\u0130\u015fbu\nS\u00f6zle\u015fme ile ilgili taraflara g\u00f6nderilecek olan t\u00fcm bildirimler,\nFirma\u2019n\u0131n bilinen e.posta adresi ve kullan\u0131c\u0131n\u0131n \u00fcyelik\nformunda belirtti\u011fi e.posta adresi vas\u0131tas\u0131yla yap\u0131lacakt\u0131r.\nKullan\u0131c\u0131, \u00fcye olurken belirtti\u011fi adresin ge\u00e7erli tebligat\nadresi oldu\u011funu, de\u011fi\u015fmesi durumunda 5 g\u00fcn i\u00e7inde yaz\u0131l\u0131\nolarak di\u011fer tarafa bildirece\u011fini, aksi halde bu adrese yap\u0131lacak\ntebligatlar\u0131n ge\u00e7erli say\u0131laca\u011f\u0131n\u0131 kabul eder.<\/p>\n\n\n\n<p>\n10.\nDelil S\u00f6zle\u015fmesi<\/p>\n\n\n\n<p>\nTaraflar\naras\u0131nda i\u015fbu s\u00f6zle\u015fme ile ilgili i\u015flemler i\u00e7in \u00e7\u0131kabilecek\nher t\u00fcrl\u00fc uyu\u015fmazl\u0131klarda Taraflar\u2019\u0131n defter, kay\u0131t ve\nbelgeleri ile ve bilgisayar kay\u0131tlar\u0131 ve faks kay\u0131tlar\u0131 6100\nsay\u0131l\u0131 Hukuk Muhakemeleri Kanunu uyar\u0131nca delil olarak kabul\nedilecek olup, kullan\u0131c\u0131 bu kay\u0131tlara itiraz etmeyece\u011fini kabul\neder.<\/p>\n\n\n\n<p>\n11.\nUyu\u015fmazl\u0131klar\u0131n \u00c7\u00f6z\u00fcm\u00fc<\/p>\n\n\n\n<p>\n\u0130\u015fbu\nS\u00f6zle\u015fme\u2019nin uygulanmas\u0131ndan veya yorumlanmas\u0131ndan do\u011facak her\nt\u00fcrl\u00fc uyu\u015fmazl\u0131\u011f\u0131n \u00e7\u00f6z\u00fcm\u00fcnde \u0130stanbul (Merkez) Adliyesi\nMahkemeleri ve \u0130cra Daireleri yetkilidir.<\/p>\n","protected":false},"excerpt":{"rendered":"<p>S\u0130TE KULLANIM \u015eARTLARI L\u00fctfen sitemizi kullanmadan evvel bu \u2018site kullan\u0131m \u015fartlar\u0131\u2019n\u0131 dikkatlice okuyunuz.&nbsp; Bu al\u0131\u015fveri\u015f sitesini kullanan ve al\u0131\u015fveri\u015f yapan m\u00fc\u015fterilerimiz a\u015fa\u011f\u0131daki \u015fartlar\u0131 kabul etmi\u015f varsay\u0131lmaktad\u0131r: Sitemizdeki web sayfalar\u0131 ve ona ba\u011fl\u0131 t\u00fcm sayfalar (\u2018site\u2019) MEHMET AK\u0130F CADDES\u0130 B\u0130R\u0130NC\u0130 SOKAK NO:22-24 EMEK \u0130\u015e MERKEZ\u0130 \u015e\u0130R\u0130NEVLER\/\u0130STANBUL adresindeki G\u00dcN INTERNASYONEL G\u00dcMR\u00dcK M\u00dc\u015eAV\u0130RL\u0130\u011e\u0130 LTD. \u015eT\u0130..firmas\u0131n\u0131n (Firma) mal\u0131d\u0131r ve [&#8230;]\n","protected":false},"author":1,"featured_media":0,"parent":0,"menu_order":0,"comment_status":"closed","ping_status":"open","template":"","meta":{"footnotes":""},"class_list":["post-2","page","type-page","status-publish","hentry"],"_links":{"self":[{"href":"https:\/\/aathatsit.co\/index.php?rest_route=\/wp\/v2\/pages\/2","targetHints":{"allow":["GET"]}}],"collection":[{"href":"https:\/\/aathatsit.co\/index.php?rest_route=\/wp\/v2\/pages"}],"about":[{"href":"https:\/\/aathatsit.co\/index.php?rest_route=\/wp\/v2\/types\/page"}],"author":[{"embeddable":true,"href":"https:\/\/aathatsit.co\/index.php?rest_route=\/wp\/v2\/users\/1"}],"replies":[{"embeddable":true,"href":"https:\/\/aathatsit.co\/index.php?rest_route=%2Fwp%2Fv2%2Fcomments&post=2"}],"version-history":[{"count":3,"href":"https:\/\/aathatsit.co\/index.php?rest_route=\/wp\/v2\/pages\/2\/revisions"}],"predecessor-version":[{"id":775,"href":"https:\/\/aathatsit.co\/index.php?rest_route=\/wp\/v2\/pages\/2\/revisions\/775"}],"wp:attachment":[{"href":"https:\/\/aathatsit.co\/index.php?rest_route=%2Fwp%2Fv2%2Fmedia&parent=2"}],"curies":[{"name":"wp","href":"https:\/\/api.w.org\/{rel}","templated":true}]}}