{"id":773,"date":"2019-11-22T15:10:01","date_gmt":"2019-11-22T12:10:01","guid":{"rendered":"https:\/\/aathatsit.com\/?page_id=773"},"modified":"2019-11-22T15:10:02","modified_gmt":"2019-11-22T12:10:02","slug":"gizlilik-ve-guvenlik-politikasi","status":"publish","type":"page","link":"https:\/\/aathatsit.co\/?page_id=773","title":{"rendered":"Gizlilik ve G\u00fcvenlik Politikas\u0131"},"content":{"rendered":"\n<p>\nMa\u011fazam\u0131zda\nverilen t\u00fcm servisler ve MEHMET AK\u0130F CADDES\u0130 B\u0130R\u0130NC\u0130 SOKAK\nNO:22-24 EMEK \u0130\u015e MERKEZ\u0130 \u015e\u0130R\u0130NEVLER\/\u0130STANBUL adresinde G\u00dcN\nINTERNASYONEL G\u00dcMR\u00dcK M\u00dc\u015eAV\u0130RL\u0130\u011e\u0130 LTD. \u015eT\u0130. firmam\u0131za\naittir ve firmam\u0131z taraf\u0131ndan i\u015fletilir.&nbsp;<\/p>\n\n\n\n<p>\nFirmam\u0131z,\n\u00e7e\u015fitli ama\u00e7larla ki\u015fisel veriler toplayabilir. A\u015fa\u011f\u0131da,\ntoplanan ki\u015fisel verilerin nas\u0131l ve ne \u015fekilde topland\u0131\u011f\u0131, bu\nverilerin nas\u0131l ve ne \u015fekilde korundu\u011fu belirtilmi\u015ftir.&nbsp;<\/p>\n\n\n\n<p>\n\u00dcyelik\nveya Ma\u011fazam\u0131z \u00fczerindeki \u00e7e\u015fitli form ve anketlerin\ndoldurulmas\u0131 suretiyle \u00fcyelerin kendileriyle ilgili bir tak\u0131m\nki\u015fisel bilgileri (isim-soy isim, firma bilgileri, telefon, adres\nveya e-posta adresleri gibi) Ma\u011fazam\u0131z taraf\u0131ndan i\u015fin do\u011fas\u0131\ngere\u011fi toplanmaktad\u0131r.&nbsp;<\/p>\n\n\n\n<p>\nFirmam\u0131z\nbaz\u0131 d\u00f6nemlerde m\u00fc\u015fterilerine ve \u00fcyelerine kampanya bilgileri,\nyeni \u00fcr\u00fcnler hakk\u0131nda bilgiler, promosyon teklifleri g\u00f6nderebilir.\n\u00dcyelerimiz bu gibi bilgileri al\u0131p almama konusunda her t\u00fcrl\u00fc\nse\u00e7imi \u00fcye olurken yapabilir, sonras\u0131nda \u00fcye giri\u015fi yapt\u0131ktan\nsonra hesap bilgileri b\u00f6l\u00fcm\u00fcnden bu se\u00e7imi de\u011fi\u015ftirilebilir ya\nda kendisine gelen bilgilendirme iletisindeki linkle bildirim\nyapabilir.&nbsp;<\/p>\n\n\n\n<p>\nMa\u011fazam\u0131z\n\u00fczerinden veya eposta ile ger\u00e7ekle\u015ftirilen onay s\u00fcrecinde,\n\u00fcyelerimiz taraf\u0131ndan ma\u011fazam\u0131za elektronik ortamdan iletilen\nki\u015fisel bilgiler, \u00dcyelerimiz ile yapt\u0131\u011f\u0131m\u0131z &#8220;Kullan\u0131c\u0131\nS\u00f6zle\u015fmesi&#8221; ile belirlenen ama\u00e7lar ve kapsam d\u0131\u015f\u0131nda\n\u00fc\u00e7\u00fcnc\u00fc ki\u015filere a\u00e7\u0131klanmayacakt\u0131r.<\/p>\n\n\n\n<p>\nSistemle\nilgili sorunlar\u0131n tan\u0131mlanmas\u0131 ve verilen hizmet ile ilgili\n\u00e7\u0131kabilecek sorunlar\u0131n veya uyu\u015fmazl\u0131klar\u0131n h\u0131zla \u00e7\u00f6z\u00fclmesi\ni\u00e7in, Firmam\u0131z, \u00fcyelerinin IP adresini kaydetmekte ve bunu\nkullanmaktad\u0131r. IP adresleri, kullan\u0131c\u0131lar\u0131 genel bir \u015fekilde\ntan\u0131mlamak ve kapsaml\u0131 demografik bilgi toplamak amac\u0131yla da\nkullan\u0131labilir.<\/p>\n\n\n\n<p>\nFirmam\u0131z,\n\u00dcyelik S\u00f6zle\u015fmesi ile belirlenen ama\u00e7lar ve kapsam d\u0131\u015f\u0131nda da,\ntalep edilen bilgileri kendisi veya i\u015fbirli\u011fi i\u00e7inde oldu\u011fu\nki\u015filer taraf\u0131ndan do\u011frudan pazarlama yapmak amac\u0131yla\nkullanabilir. &nbsp;Ki\u015fisel bilgiler, gerekti\u011finde kullan\u0131c\u0131yla\ntemas kurmak i\u00e7in de kullan\u0131labilir. Firmam\u0131z taraf\u0131ndan talep\nedilen bilgiler veya kullan\u0131c\u0131 taraf\u0131ndan sa\u011flanan bilgiler veya\nMa\u011fazam\u0131z \u00fczerinden yap\u0131lan i\u015flemlerle ilgili bilgiler; Firmam\u0131z\nve i\u015fbirli\u011fi i\u00e7inde oldu\u011fu ki\u015filer taraf\u0131ndan, &#8220;\u00dcyelik\nS\u00f6zle\u015fmesi&#8221; ile belirlenen ama\u00e7lar ve kapsam d\u0131\u015f\u0131nda da,\n\u00fcyelerimizin kimli\u011fi if\u015fa edilmeden \u00e7e\u015fitli istatistiksel\nde\u011ferlendirmeler, veri taban\u0131 olu\u015fturma ve pazar ara\u015ft\u0131rmalar\u0131nda\nkullan\u0131labilir.<\/p>\n\n\n\n<p>\nFirmam\u0131z,\ngizli bilgileri kesinlikle \u00f6zel ve gizli tutmay\u0131, bunu bir s\u0131r\nsaklama y\u00fck\u00fcm\u00fc olarak addetmeyi ve gizlili\u011fin sa\u011flanmas\u0131 ve\ns\u00fcrd\u00fcr\u00fclmesi, gizli bilginin tamam\u0131n\u0131n veya herhangi bir\nk\u0131sm\u0131n\u0131n kamu alan\u0131na girmesini veya yetkisiz kullan\u0131m\u0131n\u0131 veya\n\u00fc\u00e7\u00fcnc\u00fc bir ki\u015fiye if\u015fas\u0131n\u0131 \u00f6nlemek i\u00e7in gerekli t\u00fcm\ntedbirleri almay\u0131 ve gerekli \u00f6zeni g\u00f6stermeyi taahh\u00fct etmektedir.<\/p>\n\n\n\n<p>\nKRED\u0130\nKARTI G\u00dcVENL\u0130\u011e\u0130<\/p>\n\n\n\n<p>\nFirmam\u0131z,\nal\u0131\u015fveri\u015f sitelerimizden al\u0131\u015fveri\u015f yapan kredi kart\u0131\nsahiplerinin g\u00fcvenli\u011fini ilk planda tutmaktad\u0131r. Kredi kart\u0131\nbilgileriniz hi\u00e7bir \u015fekilde sistemimizde saklanmamaktad\u0131r.<\/p>\n\n\n\n<p>\n\u0130\u015flemler\ns\u00fcrecine girdi\u011finizde g\u00fcvenli bir sitede oldu\u011funuzu anlamak i\u00e7in\ndikkat etmeniz gereken iki \u015fey vard\u0131r. Bunlardan biri taray\u0131c\u0131n\u0131z\u0131n\nen alt sat\u0131r\u0131nda bulunan bir anahtar ya da kilit simgesidir. Bu\ng\u00fcvenli bir internet sayfas\u0131nda oldu\u011funuzu g\u00f6sterir ve her t\u00fcrl\u00fc\nbilgileriniz \u015fifrelenerek korunur. Bu bilgiler, ancak sat\u0131\u015f\ni\u015flemleri s\u00fcrecine ba\u011fl\u0131 olarak ve verdi\u011finiz talimat\nistikametinde kullan\u0131l\u0131r. Al\u0131\u015fveri\u015f s\u0131ras\u0131nda kullan\u0131lan\nkredi kart\u0131 ile ilgili bilgiler al\u0131\u015fveri\u015f sitelerimizden ba\u011f\u0131ms\u0131z\nolarak 128 bit SSL (Secure Sockets Layer) protokol\u00fc ile \u015fifrelenip\nsorgulanmak \u00fczere ilgili bankaya ula\u015ft\u0131r\u0131l\u0131r. Kart\u0131n\nkullan\u0131labilirli\u011fi onayland\u0131\u011f\u0131 takdirde al\u0131\u015fveri\u015fe devam\nedilir. Kartla ilgili hi\u00e7bir bilgi taraf\u0131m\u0131zdan\ng\u00f6r\u00fcnt\u00fclenemedi\u011finden ve kaydedilmedi\u011finden, \u00fc\u00e7\u00fcnc\u00fc\n\u015fah\u0131slar\u0131n herhangi bir ko\u015fulda bu bilgileri ele ge\u00e7irmesi\nengellenmi\u015f olur.<\/p>\n\n\n\n<p>\nOnline\nolarak kredi kart\u0131 ile verilen sipari\u015flerin \u00f6deme\/fatura\/teslimat\nadresi bilgilerinin g\u00fcvenilirli\u011fi firmamiz taraf\u0131ndan Kredi\nKartlar\u0131 Doland\u0131r\u0131c\u0131l\u0131\u011f\u0131&#8217;na kar\u015f\u0131 denetlenmektedir. Bu\ny\u00fczden, al\u0131\u015fveri\u015f sitelerimizden ilk defa sipari\u015f veren\nm\u00fc\u015fterilerin sipari\u015flerinin tedarik ve teslimat a\u015famas\u0131na\ngelebilmesi i\u00e7in \u00f6ncelikle finansal ve adres\/telefon bilgilerinin\ndo\u011frulu\u011funun onaylanmas\u0131 gereklidir. Bu bilgilerin kontrol\u00fc i\u00e7in\ngerekirse kredi kart\u0131 sahibi m\u00fc\u015fteri ile veya ilgili banka ile\nirtibata ge\u00e7ilmektedir.<\/p>\n\n\n\n<p>\n\u00dcye\nolurken verdi\u011finiz t\u00fcm bilgilere sadece siz ula\u015fabilir ve siz\nde\u011fi\u015ftirebilirsiniz. \u00dcye giri\u015f bilgilerinizi g\u00fcvenli korudu\u011funuz\ntakdirde ba\u015fkalar\u0131n\u0131n sizinle ilgili bilgilere ula\u015fmas\u0131 ve\nbunlar\u0131 de\u011fi\u015ftirmesi m\u00fcmk\u00fcn de\u011fildir. Bu ama\u00e7la, \u00fcyelik\ni\u015flemleri s\u0131ras\u0131nda 128 bit SSL g\u00fcvenlik alan\u0131 i\u00e7inde hareket\nedilir. Bu sistem k\u0131r\u0131lmas\u0131 m\u00fcmk\u00fcn olmayan bir uluslararas\u0131 bir\n\u015fifreleme standard\u0131d\u0131r.<\/p>\n\n\n\n<p>\nBilgi\nhatt\u0131 veya m\u00fc\u015fteri hizmetleri servisi bulunan ve a\u00e7\u0131k adres ve\ntelefon bilgilerinin belirtildi\u011fi \u0130nternet al\u0131\u015fveri\u015f siteleri\ng\u00fcn\u00fcm\u00fczde daha fazla tercih edilmektedir. Bu sayede akl\u0131n\u0131za\ntak\u0131lan b\u00fct\u00fcn konular hakk\u0131nda detayl\u0131 bilgi alabilir, online\nal\u0131\u015fveri\u015f hizmeti sa\u011flayan firman\u0131n g\u00fcvenirli\u011fi konusunda daha\nsa\u011fl\u0131kl\u0131 bilgi edinebilirsiniz.&nbsp;<\/p>\n\n\n\n<p>\nNot:\n\u0130nternet al\u0131\u015fveri\u015f sitelerinde firman\u0131n a\u00e7\u0131k adresinin ve\ntelefonun yer almas\u0131na dikkat edilmesini tavsiye ediyoruz. Al\u0131\u015fveri\u015f\nyapacaksan\u0131z al\u0131\u015fveri\u015finizi yapmadan \u00fcr\u00fcn\u00fc ald\u0131\u011f\u0131n\u0131z\nma\u011fazan\u0131n b\u00fct\u00fcn telefon \/ adres bilgilerini not edin. E\u011fer\ng\u00fcvenmiyorsan\u0131z al\u0131\u015fveri\u015ften \u00f6nce telefon ederek teyit edin.\nFirmam\u0131za ait t\u00fcm online al\u0131\u015fveri\u015f sitelerimizde firmam\u0131za dair\nt\u00fcm bilgiler ve firma yeri belirtilmi\u015ftir.<\/p>\n\n\n\n<p>\nMA\u0130L\nORDER KRED\u0130 KART B\u0130LG\u0130LER\u0130 G\u00dcVENL\u0130\u011e\u0130<\/p>\n\n\n\n<p>\nKredi\nkart\u0131 mail-order y\u00f6ntemi ile bize g\u00f6nderece\u011finiz kimlik ve kredi\nkart bilgileriniz firmam\u0131z taraf\u0131ndan gizlilik prensibine g\u00f6re\nsaklanacakt\u0131r. Bu bilgiler olas\u0131 banka ile olu\u015fubilecek kredi\nkart\u0131ndan para \u00e7ekim itirazlar\u0131na kar\u015f\u0131 60 g\u00fcn s\u00fcre ile\nbekletilip daha sonras\u0131nda imha edilmektedir. Sipari\u015f etti\u011finiz\n\u00fcr\u00fcnlerin bedeli kar\u015f\u0131l\u0131\u011f\u0131nda bize g\u00f6nderece\u011finiz\ntaraf\u0131n\u0131zdan onayl\u0131 mail-order formu bedeli d\u0131\u015f\u0131nda herhangi\nbir bedelin kart\u0131n\u0131zdan \u00e7ekilmesi halinde do\u011fal olarak bankaya\nitiraz edebilir ve bu tutar\u0131n \u00f6denmesini engelleyebilece\u011finiz i\u00e7in\nbir risk olu\u015fturmamaktad\u0131r.&nbsp;<\/p>\n\n\n\n<p>\n\u00dc\u00c7\u00dcNC\u00dc\nTARAF WEB S\u0130TELER\u0130 VE UYGULAMALAR<\/p>\n\n\n\n<p>\nMa\u011fazam\u0131z,\n&nbsp;web sitesi d\u00e2hilinde ba\u015fka sitelere link verebilir. Firmam\u0131z,\nbu linkler vas\u0131tas\u0131yla eri\u015filen sitelerin gizlilik uygulamalar\u0131\nve i\u00e7eriklerine y\u00f6nelik herhangi bir sorumluluk ta\u015f\u0131mamaktad\u0131r.\nFirmam\u0131za ait sitede yay\u0131nlanan reklamlar, reklamc\u0131l\u0131k yapan i\u015f\nortaklar\u0131m\u0131z arac\u0131l\u0131\u011f\u0131 ile kullan\u0131c\u0131lar\u0131m\u0131za da\u011f\u0131t\u0131l\u0131r.\n\u0130\u015f bu s\u00f6zle\u015fmedeki Gizlilik Politikas\u0131 Prensipleri, sadece\nMa\u011fazam\u0131z\u0131n kullan\u0131m\u0131na ili\u015fkindir, \u00fc\u00e7\u00fcnc\u00fc taraf web\nsitelerini kapsamaz.&nbsp;<\/p>\n\n\n\n<p>\n\u0130ST\u0130SNA\u0130\nHALLER<\/p>\n\n\n\n<p>\nA\u015fa\u011f\u0131da\nbelirtilen s\u0131n\u0131rl\u0131 hallerde Firmam\u0131z, i\u015fbu &#8220;Gizlilik\nPolitikas\u0131&#8221; h\u00fck\u00fcmleri d\u0131\u015f\u0131nda kullan\u0131c\u0131lara ait\nbilgileri \u00fc\u00e7\u00fcnc\u00fc ki\u015filere a\u00e7\u0131klayabilir. Bu durumlar s\u0131n\u0131rl\u0131\nsay\u0131da olmak \u00fczere;<\/p>\n\n\n\n<p>\n1.Kanun,\nKanun H\u00fckm\u00fcnde Kararname, Y\u00f6netmelik v.b. yetkili hukuki otorite\ntaraf\u0131ndan \u00e7\u0131kar\u0131lan ve y\u00fcr\u00fcrl\u00fcl\u00fckte olan hukuk kurallar\u0131n\u0131n\ngetirdi\u011fi zorunluluklara uymak;<\/p>\n\n\n\n<p>\n2.Ma\u011fazam\u0131z\u0131n\nkullan\u0131c\u0131larla akdetti\u011fi &#8220;\u00dcyelik S\u00f6zle\u015fmesi&#8221;&#8216;nin ve\ndi\u011fer s\u00f6zle\u015fmelerin gereklerini yerine getirmek ve bunlar\u0131\nuygulamaya koymak amac\u0131yla;<\/p>\n\n\n\n<p>\n3.Yetkili\nidari ve adli otorite taraf\u0131ndan usul\u00fcne g\u00f6re y\u00fcr\u00fct\u00fclen bir\nara\u015ft\u0131rma veya soru\u015fturman\u0131n y\u00fcr\u00fct\u00fcm\u00fc amac\u0131yla\nkullan\u0131c\u0131larla ilgili bilgi talep edilmesi;<\/p>\n\n\n\n<p>\n4.Kullan\u0131c\u0131lar\u0131n\nhaklar\u0131 veya g\u00fcvenliklerini korumak i\u00e7in bilgi vermenin gerekli\noldu\u011fu hallerdir.&nbsp;<\/p>\n\n\n\n<p>\nE-POSTA\nG\u00dcVENL\u0130\u011e\u0130<\/p>\n\n\n\n<p>\nMa\u011fazam\u0131z\u0131n\nM\u00fc\u015fteri Hizmetleri\u2019ne, herhangi bir sipari\u015finizle ilgili olarak\ng\u00f6nderece\u011finiz e-postalarda, asla kredi kart\u0131 numaran\u0131z\u0131 veya\n\u015fifrelerinizi yazmay\u0131n\u0131z. E-postalarda yer alan bilgiler \u00fc\u00e7\u00fcnc\u00fc\n\u015fah\u0131slar taraf\u0131ndan g\u00f6r\u00fclebilir. Firmam\u0131z e-postalar\u0131n\u0131zdan\naktar\u0131lan bilgilerin g\u00fcvenli\u011fini hi\u00e7bir ko\u015fulda garanti edemez.<\/p>\n\n\n\n<p>\nTARAYICI\n\u00c7EREZLER\u0130&nbsp;<\/p>\n\n\n\n<p>\nFirmam\u0131z,\nma\u011fazam\u0131z\u0131 ziyaret eden kullan\u0131c\u0131lar ve kullan\u0131c\u0131lar\u0131n web\nsitesini kullan\u0131m\u0131 hakk\u0131ndaki bilgileri teknik bir ileti\u015fim\ndosyas\u0131 (\u00c7erez-Cookie) kullanarak elde edebilir. Bahsi ge\u00e7en\nteknik ileti\u015fim dosyalar\u0131, ana bellekte saklanmak \u00fczere bir\ninternet sitesinin kullan\u0131c\u0131n\u0131n taray\u0131c\u0131s\u0131na (browser)\ng\u00f6nderdi\u011fi k\u00fc\u00e7\u00fck metin dosyalar\u0131d\u0131r. Teknik ileti\u015fim dosyas\u0131\nsite hakk\u0131nda durum ve tercihleri saklayarak \u0130nternet&#8217;in\nkullan\u0131m\u0131n\u0131 kolayla\u015ft\u0131r\u0131r.<\/p>\n\n\n\n<p>\nTeknik\nileti\u015fim dosyas\u0131, &nbsp;siteyi ka\u00e7 ki\u015finin ziyaret etti\u011fini, bir\nki\u015finin siteyi hangi ama\u00e7la, ka\u00e7 kez ziyaret etti\u011fini ve ne kadar\nsitede kald\u0131klar\u0131 hakk\u0131nda istatistiksel bilgileri elde etmeye ve\nkullan\u0131c\u0131lar i\u00e7in \u00f6zel tasarlanm\u0131\u015f kullan\u0131c\u0131 sayfalar\u0131ndan\n&nbsp;dinamik olarak reklam ve i\u00e7erik \u00fcretilmesine yard\u0131mc\u0131 olur.\nTeknik ileti\u015fim dosyas\u0131, ana bellekte veya e-postan\u0131zdan veri veya\nba\u015fkaca herhangi bir ki\u015fisel bilgi almak i\u00e7in tasarlanmam\u0131\u015ft\u0131r.\nTaray\u0131c\u0131lar\u0131n pek \u00e7o\u011fu ba\u015fta teknik ileti\u015fim dosyas\u0131n\u0131 kabul\neder bi\u00e7imde tasarlanm\u0131\u015ft\u0131r ancak kullan\u0131c\u0131lar dilerse teknik\nileti\u015fim dosyas\u0131n\u0131n gelmemesi veya teknik ileti\u015fim dosyas\u0131n\u0131n\ng\u00f6nderildi\u011finde uyar\u0131 verilmesini sa\u011flayacak bi\u00e7imde ayarlar\u0131\nde\u011fi\u015ftirebilirler.<\/p>\n\n\n\n<p>\nFirmam\u0131z,\ni\u015fbu &#8220;Gizlilik Politikas\u0131&#8221; h\u00fck\u00fcmlerini diledi\u011fi zaman\nsitede yay\u0131nlamak veya kullan\u0131c\u0131lara elektronik posta g\u00f6ndermek\nveya sitesinde yay\u0131nlamak suretiyle de\u011fi\u015ftirebilir. Gizlilik\nPolitikas\u0131 h\u00fck\u00fcmleri de\u011fi\u015fti\u011fi takdirde, yay\u0131nland\u0131\u011f\u0131\ntarihte y\u00fcr\u00fcrl\u00fck kazan\u0131r.<\/p>\n\n\n\n<p>\nGizlilik\npolitikam\u0131z ile ilgili her t\u00fcrl\u00fc soru ve \u00f6nerileriniz i\u00e7in\naa.thatsit@gmail.com adresine email g\u00f6nderebilirsiniz. Firmam\u0131z\u2019a\nait a\u015fa\u011f\u0131daki ileti\u015fim bilgilerinden ula\u015fabilirsiniz.<\/p>\n\n\n\n<p>\nFirma\n\u00dcnvan\u0131:&nbsp;G\u00dcN INTERNASYONEL G\u00dcMR\u00dcK M\u00dc\u015eAV\u0130RL\u0130\u011e\u0130 LTD.\n\u015eT\u0130.<\/p>\n\n\n\n<p>\nAdres:&nbsp;MEHMET\nAK\u0130F CADDES\u0130 B\u0130R\u0130NC\u0130 SOKAK NO:22-24 EMEK \u0130\u015e MERKEZ\u0130\n\u015e\u0130R\u0130NEVLER\/\u0130STANBUL<\/p>\n\n\n\n<p>\nEposta:&nbsp;aa.thatsit@gmail.com<\/p>\n\n\n\n<p>\nTel:05395100076<\/p>\n\n\n\n<p>\nFax:02126546757<\/p>\n","protected":false},"excerpt":{"rendered":"<p>Ma\u011fazam\u0131zda verilen t\u00fcm servisler ve MEHMET AK\u0130F CADDES\u0130 B\u0130R\u0130NC\u0130 SOKAK NO:22-24 EMEK \u0130\u015e MERKEZ\u0130 \u015e\u0130R\u0130NEVLER\/\u0130STANBUL adresinde G\u00dcN INTERNASYONEL G\u00dcMR\u00dcK M\u00dc\u015eAV\u0130RL\u0130\u011e\u0130 LTD. \u015eT\u0130. firmam\u0131za aittir ve firmam\u0131z taraf\u0131ndan i\u015fletilir.&nbsp; Firmam\u0131z, \u00e7e\u015fitli ama\u00e7larla ki\u015fisel veriler toplayabilir. A\u015fa\u011f\u0131da, toplanan ki\u015fisel verilerin nas\u0131l ve ne \u015fekilde topland\u0131\u011f\u0131, bu verilerin nas\u0131l ve ne \u015fekilde korundu\u011fu belirtilmi\u015ftir.&nbsp; \u00dcyelik veya Ma\u011fazam\u0131z \u00fczerindeki [&#8230;]\n","protected":false},"author":1,"featured_media":0,"parent":0,"menu_order":0,"comment_status":"closed","ping_status":"closed","template":"","meta":{"footnotes":""},"class_list":["post-773","page","type-page","status-publish","hentry"],"_links":{"self":[{"href":"https:\/\/aathatsit.co\/index.php?rest_route=\/wp\/v2\/pages\/773","targetHints":{"allow":["GET"]}}],"collection":[{"href":"https:\/\/aathatsit.co\/index.php?rest_route=\/wp\/v2\/pages"}],"about":[{"href":"https:\/\/aathatsit.co\/index.php?rest_route=\/wp\/v2\/types\/page"}],"author":[{"embeddable":true,"href":"https:\/\/aathatsit.co\/index.php?rest_route=\/wp\/v2\/users\/1"}],"replies":[{"embeddable":true,"href":"https:\/\/aathatsit.co\/index.php?rest_route=%2Fwp%2Fv2%2Fcomments&post=773"}],"version-history":[{"count":1,"href":"https:\/\/aathatsit.co\/index.php?rest_route=\/wp\/v2\/pages\/773\/revisions"}],"predecessor-version":[{"id":774,"href":"https:\/\/aathatsit.co\/index.php?rest_route=\/wp\/v2\/pages\/773\/revisions\/774"}],"wp:attachment":[{"href":"https:\/\/aathatsit.co\/index.php?rest_route=%2Fwp%2Fv2%2Fmedia&parent=773"}],"curies":[{"name":"wp","href":"https:\/\/api.w.org\/{rel}","templated":true}]}}