{"id":778,"date":"2019-11-22T15:12:01","date_gmt":"2019-11-22T12:12:01","guid":{"rendered":"https:\/\/aathatsit.com\/?page_id=778"},"modified":"2019-11-22T15:12:01","modified_gmt":"2019-11-22T12:12:01","slug":"tuketici-haklari-cayma-iptal-ve-iade-kosullari","status":"publish","type":"page","link":"https:\/\/aathatsit.co\/?page_id=778","title":{"rendered":"T\u00fcketici Haklar\u0131 &#8211; Cayma, \u0130ptal ve \u0130ade Ko\u015fullar\u0131"},"content":{"rendered":"\n<p>\nT\u00dcKET\u0130C\u0130\nHAKLARI \u2013 CAYMA \u2013 \u0130PTAL \u0130ADE KO\u015eULLARI<\/p>\n\n\n\n<p>\nGENEL:<\/p>\n\n\n\n<p>\n1.Kullanmakta\noldu\u011funuz web sitesi \u00fczerinden elektronik ortamda sipari\u015f\nverdi\u011finiz takdirde, size sunulan \u00f6n bilgilendirme formunu ve\nmesafeli sat\u0131\u015f s\u00f6zle\u015fmesini kabul etmi\u015f say\u0131l\u0131rs\u0131n\u0131z.<\/p>\n\n\n\n<p>\n2.Al\u0131c\u0131lar,\nsat\u0131n ald\u0131klar\u0131 \u00fcr\u00fcn\u00fcn sat\u0131\u015f ve teslimi ile ilgili olarak\n6502 say\u0131l\u0131 T\u00fcketicinin Korunmas\u0131 Hakk\u0131nda Kanun ve Mesafeli\nS\u00f6zle\u015fmeler Y\u00f6netmeli\u011fi (RG:27.11.2014\/29188) h\u00fck\u00fcmleri ile\ny\u00fcr\u00fcrl\u00fckteki di\u011fer yasalara tabidir.&nbsp;<\/p>\n\n\n\n<p>\n3.\u00dcr\u00fcn\nsevkiyat masraf\u0131 olan kargo \u00fccretleri al\u0131c\u0131lar taraf\u0131ndan\n\u00f6denecektir.<\/p>\n\n\n\n<p>\n4.Sat\u0131n\nal\u0131nan her bir \u00fcr\u00fcn, 30 g\u00fcnl\u00fck yasal s\u00fcreyi a\u015fmamak kayd\u0131 ile\n&nbsp;al\u0131c\u0131n\u0131n g\u00f6sterdi\u011fi adresteki ki\u015fi ve\/veya kurulu\u015fa\nteslim edilir. Bu s\u00fcre i\u00e7inde \u00fcr\u00fcn teslim edilmez ise, &nbsp;Al\u0131c\u0131lar\ns\u00f6zle\u015fmeyi sona erdirebilir.&nbsp;<\/p>\n\n\n\n<p>\n5.Sat\u0131n\nal\u0131nan \u00fcr\u00fcn, eksiksiz ve sipari\u015fte belirtilen niteliklere uygun\nve varsa garanti belgesi, kullan\u0131m klavuzu gibi belgelerle teslim\nedilmek zorundad\u0131r.&nbsp;<\/p>\n\n\n\n<p>\n6.Sat\u0131n\nal\u0131nan \u00fcr\u00fcn\u00fcn sat\u0131lmas\u0131n\u0131n imkans\u0131zla\u015fmas\u0131 durumunda,\nsat\u0131c\u0131 bu durumu \u00f6\u011frendi\u011finden itibaren 3 g\u00fcn i\u00e7inde yaz\u0131l\u0131\nolarak al\u0131c\u0131ya bu durumu bildirmek zorundad\u0131r. 14 g\u00fcn i\u00e7inde de\ntoplam bedel Al\u0131c\u0131\u2019ya iade edilmek zorundad\u0131r.&nbsp;<\/p>\n\n\n\n<p>\nSATIN\nALINAN \u00dcR\u00dcN BEDEL\u0130 \u00d6DENMEZ \u0130SE:&nbsp;<\/p>\n\n\n\n<p>\n7.Al\u0131c\u0131,\nsat\u0131n ald\u0131\u011f\u0131 \u00fcr\u00fcn bedelini \u00f6demez veya banka kay\u0131tlar\u0131nda\niptal ederse, Sat\u0131c\u0131n\u0131n \u00fcr\u00fcn\u00fc teslim y\u00fck\u00fcml\u00fcl\u00fc\u011f\u00fc sona\nerer.<\/p>\n\n\n\n<p>\nKRED\u0130\nKARTININ YETK\u0130S\u0130Z KULLANIMI \u0130LE YAPILAN ALI\u015eVER\u0130\u015eLER:&nbsp;<\/p>\n\n\n\n<p>\n8.\u00dcr\u00fcn\nteslim edildikten sonra, al\u0131c\u0131n\u0131n \u00f6deme yapt\u0131\u011f\u0131 kredi kart\u0131n\u0131n\nyetkisiz ki\u015filer taraf\u0131ndan haks\u0131z olarak kullan\u0131ld\u0131\u011f\u0131 tespit\nedilirse ve sat\u0131lan \u00fcr\u00fcn bedeli ilgili banka veya finans kurulu\u015fu\ntaraf\u0131ndan Sat\u0131c\u0131&#8217;ya \u00f6denmez ise, Al\u0131c\u0131, s\u00f6zle\u015fme konusu\n\u00fcr\u00fcn\u00fc 3 g\u00fcn i\u00e7erisinde nakliye gideri SATICI\u2019ya ait olacak\n\u015fekilde SATICI\u2019ya iade etmek zorundad\u0131r.&nbsp;<\/p>\n\n\n\n<p>\n\u00d6NG\u00d6R\u00dcLEMEYEN\nSEBEPLERLE \u00dcR\u00dcN S\u00dcRES\u0130NDE TESL\u0130M ED\u0130LEMEZ \u0130SE:&nbsp;<\/p>\n\n\n\n<p>\n9.Sat\u0131c\u0131\u2019n\u0131n\n\u00f6ng\u00f6remeyece\u011fi m\u00fccbir sebepler olu\u015fursa ve \u00fcr\u00fcn s\u00fcresinde\nteslim edilemez ise, durum Al\u0131c\u0131\u2019ya bildirilir. Al\u0131c\u0131,\nsipari\u015fin iptalini, \u00fcr\u00fcn\u00fcn benzeri ile de\u011fi\u015ftirilmesini veya\nengel ortadan kalkana dek teslimat\u0131n ertelenmesini talep edebilir.\nAl\u0131c\u0131 sipari\u015fi iptal ederse; \u00f6demeyi nakit ile yapm\u0131\u015f ise\niptalinden itibaren 14 g\u00fcn i\u00e7inde kendisine nakden bu \u00fccret\n\u00f6denir. Al\u0131c\u0131, \u00f6demeyi kredi kart\u0131 ile yapm\u0131\u015f ise ve iptal\nederse, bu iptalden itibaren yine 14 g\u00fcn i\u00e7inde \u00fcr\u00fcn bedeli\nbankaya iade edilir, ancak bankan\u0131n al\u0131c\u0131n\u0131n hesab\u0131na 2-3 hafta\ni\u00e7erisinde aktarmas\u0131 olas\u0131d\u0131r.&nbsp;<\/p>\n\n\n\n<p>\nALICININ\n\u00dcR\u00dcN\u00dc KONTROL ETME Y\u00dcK\u00dcML\u00dcL\u00dc\u011e\u00dc:&nbsp;<\/p>\n\n\n\n<p>\n10.Al\u0131c\u0131,\ns\u00f6zle\u015fme konusu mal\/hizmeti teslim almadan \u00f6nce muayene edecek;\nezik, k\u0131r\u0131k, ambalaj\u0131 y\u0131rt\u0131lm\u0131\u015f vb. hasarl\u0131 ve ay\u0131pl\u0131\nmal\/hizmeti kargo \u015firketinden teslim almayacakt\u0131r. Teslim al\u0131nan\nmal\/hizmetin hasars\u0131z ve sa\u011flam oldu\u011fu kabul edilecektir. ALICI ,\nTeslimden sonra mal\/hizmeti \u00f6zenle korunmak zorundad\u0131r. Cayma hakk\u0131\nkullan\u0131lacaksa mal\/hizmet kullan\u0131lmamal\u0131d\u0131r. \u00dcr\u00fcnle birlikte\nFatura da iade edilmelidir.<\/p>\n\n\n\n<p>\nCAYMA\nHAKKI:<\/p>\n\n\n\n<p>\n11.ALICI;\nsat\u0131n ald\u0131\u011f\u0131 \u00fcr\u00fcn\u00fcn kendisine veya g\u00f6sterdi\u011fi adresteki\nki\u015fi\/kurulu\u015fa teslim tarihinden itibaren 7 (yedi) g\u00fcn i\u00e7erisinde,\nSATICI\u2019ya a\u015fa\u011f\u0131daki ileti\u015fim bilgileri \u00fczerinden bildirmek\n\u015fart\u0131yla hi\u00e7bir hukuki ve cezai sorumluluk \u00fcstlenmeksizin ve\nhi\u00e7bir gerek\u00e7e g\u00f6stermeksizin mal\u0131 reddederek s\u00f6zle\u015fmeden cayma\nhakk\u0131n\u0131 kullanabilir.<\/p>\n\n\n\n<p>\n12.SATICININ\nCAYMA HAKKI B\u0130LD\u0130R\u0130M\u0130 YAPILACAK \u0130LET\u0130\u015e\u0130M B\u0130LG\u0130LER\u0130:<\/p>\n\n\n\n<p>\n\u015e\u0130RKET&nbsp;<\/p>\n\n\n\n<p>\nADI\/UNVANI:\nG\u00dcN INTERNASYONEL G\u00dcMR\u00dcK M\u00dc\u015eAV\u0130RL\u0130\u011e\u0130 LTD. \u015eT\u0130.<\/p>\n\n\n\n<p>\nADRES:\nMEHMET AK\u0130F CADDES\u0130 B\u0130R\u0130NC\u0130 SOKAK NO:22-24 EMEK \u0130\u015e MERKEZ\u0130\n\u015e\u0130R\u0130NEVLER\/\u0130STANBUL\t<\/p>\n\n\n\n<p>\nEPOSTA:\n<a href=\"mailto:aa.thatsit@gmail.com\">aa.thatsit@gmail.com<\/a>\t<\/p>\n\n\n\n<p>\nTEL:05395100076<\/p>\n\n\n\n<p>\nFAKS:\n02126546757<\/p>\n\n\n\n<p>\nCAYMA\nHAKKININ S\u00dcRES\u0130:<\/p>\n\n\n\n<p>\n13.Al\u0131c\u0131,\nsat\u0131n ald\u0131\u011f\u0131 e\u011fer bir hizmet &nbsp;ise, bu 7 g\u00fcnl\u00fck s\u00fcre\ns\u00f6zle\u015fmenin imzaland\u0131\u011f\u0131 tarihten itibaren ba\u015flar. Cayma hakk\u0131\ns\u00fcresi sona ermeden \u00f6nce, t\u00fcketicinin onay\u0131 ile hizmetin ifas\u0131na\nba\u015flanan hizmet s\u00f6zle\u015fmelerinde cayma hakk\u0131 kullan\u0131lamaz.&nbsp;<\/p>\n\n\n\n<p>\n14.Cayma\nhakk\u0131n\u0131n kullan\u0131m\u0131ndan kaynaklanan masraflar SATICI\u2019 ya aittir.<\/p>\n\n\n\n<p>\n15.Cayma\nhakk\u0131n\u0131n kullan\u0131lmas\u0131 i\u00e7in 7 (yedi) g\u00fcnl\u00fck s\u00fcre i\u00e7inde\nSATICI&#8217; ya iadeli taahh\u00fctl\u00fc posta, faks veya eposta ile yaz\u0131l\u0131\nbildirimde bulunulmas\u0131 ve \u00fcr\u00fcn\u00fcn i\u015fbu s\u00f6zle\u015fmede d\u00fczenlenen\n&#8220;Cayma Hakk\u0131 Kullan\u0131lamayacak \u00dcr\u00fcnler&#8221; h\u00fck\u00fcmleri\n\u00e7er\u00e7evesinde kullan\u0131lmam\u0131\u015f olmas\u0131 \u015fartt\u0131r.&nbsp;<\/p>\n\n\n\n<p>\nCAYMA\nHAKKININ KULLANIMI:&nbsp;<\/p>\n\n\n\n<p>\n16.3.\nki\u015fiye veya ALICI\u2019 ya teslim edilen \u00fcr\u00fcn\u00fcn faturas\u0131, (\u0130ade\nedilmek istenen \u00fcr\u00fcn\u00fcn faturas\u0131 kurumsal ise, iade ederken\nkurumun d\u00fczenlemi\u015f oldu\u011fu iade faturas\u0131 ile birlikte g\u00f6nderilmesi\ngerekmektedir. Faturas\u0131 kurumlar ad\u0131na d\u00fczenlenen sipari\u015f\niadeleri \u0130ADE FATURASI kesilmedi\u011fi takdirde tamamlanamayacakt\u0131r.)<\/p>\n\n\n\n<p>\n17.\u0130ade\nformu, \u0130ade edilecek \u00fcr\u00fcnlerin kutusu, ambalaj\u0131, varsa standart\naksesuarlar\u0131 ile birlikte eksiksiz ve hasars\u0131z olarak teslim\nedilmesi gerekmektedir.<\/p>\n\n\n\n<p>\n\u0130ADE\nKO\u015eULLARI:<\/p>\n\n\n\n<p>\n18.SATICI,\ncayma bildiriminin kendisine ula\u015fmas\u0131ndan itibaren en ge\u00e7 7 g\u00fcnl\u00fck\ns\u00fcre i\u00e7erisinde toplam bedeli ve ALICI\u2019y\u0131 bor\u00e7 alt\u0131na sokan\nbelgeleri ALICI\u2019 ya iade etmek ve 7 g\u00fcnl\u00fck s\u00fcre i\u00e7erisinde mal\u0131\niade almakla y\u00fck\u00fcml\u00fcd\u00fcr.<\/p>\n\n\n\n<p>\n19.ALICI\u2019\nn\u0131n kusurundan kaynaklanan bir nedenle mal\u0131n de\u011ferinde bir azalma\nolursa veya iade imk\u00e2ns\u0131zla\u015f\u0131rsa ALICI kusuru oran\u0131nda SATICI\u2019\nn\u0131n zararlar\u0131n\u0131 tazmin etmekle y\u00fck\u00fcml\u00fcd\u00fcr. Ancak cayma hakk\u0131\ns\u00fcresi i\u00e7inde mal\u0131n veya \u00fcr\u00fcn\u00fcn usul\u00fcne uygun kullan\u0131lmas\u0131\nsebebiyle meydana gelen de\u011fi\u015fiklik ve bozulmalardan ALICI sorumlu\nde\u011fildir.&nbsp;<\/p>\n\n\n\n<p>\n20.Cayma\nhakk\u0131n\u0131n kullan\u0131lmas\u0131 nedeniyle SATICI taraf\u0131ndan d\u00fczenlenen\nkampanya limit tutar\u0131n\u0131n alt\u0131na d\u00fc\u015f\u00fclmesi halinde kampanya\nkapsam\u0131nda faydalan\u0131lan indirim miktar\u0131 iptal edilir.<\/p>\n\n\n\n<p>\nCAYMA\nHAKKI KULLANILAMAYACAK \u00dcR\u00dcNLER:&nbsp;<\/p>\n\n\n\n<p>\n21.ALICI\u2019n\u0131n\niste\u011fi veya a\u00e7\u0131k\u00e7a ki\u015fisel ihtiya\u00e7lar\u0131 do\u011frultusunda\nhaz\u0131rlanan ve geri g\u00f6nderilmeye m\u00fcsait olmayan, i\u00e7 giyim alt\npar\u00e7alar\u0131, mayo ve bikini altlar\u0131, makyaj malzemeleri, tek\nkullan\u0131ml\u0131k \u00fcr\u00fcnler, \u00e7abuk bozulma tehlikesi olan veya son\nkullanma tarihi ge\u00e7me ihtimali olan mallar, ALICI\u2019ya teslim\nedilmesinin ard\u0131ndan ALICI taraf\u0131ndan ambalaj\u0131 a\u00e7\u0131ld\u0131\u011f\u0131\ntakdirde iade edilmesi sa\u011fl\u0131k ve hijyen a\u00e7\u0131s\u0131ndan uygun olmayan\n\u00fcr\u00fcnler, teslim edildikten sonra ba\u015fka \u00fcr\u00fcnlerle kar\u0131\u015fan ve\ndo\u011fas\u0131 gere\u011fi ayr\u0131\u015ft\u0131r\u0131lmas\u0131 m\u00fcmk\u00fcn olmayan \u00fcr\u00fcnler,\nAbonelik s\u00f6zle\u015fmesi kapsam\u0131nda sa\u011flananlar d\u0131\u015f\u0131nda, gazete ve\ndergi gibi s\u00fcreli yay\u0131nlara ili\u015fkin mallar, Elektronik ortamda\nan\u0131nda ifa edilen hizmetler veya t\u00fcketiciye an\u0131nda teslim edilen\ngayrimaddi mallar, ile ses veya g\u00f6r\u00fcnt\u00fc kay\u0131tlar\u0131n\u0131n, kitap,\ndijital i\u00e7erik, yaz\u0131l\u0131m programlar\u0131n\u0131n, veri kaydedebilme ve\nveri depolama cihazlar\u0131n\u0131n, bilgisayar sarf malzemelerinin,\nambalaj\u0131n\u0131n ALICI taraf\u0131ndan a\u00e7\u0131lm\u0131\u015f olmas\u0131 halinde iadesi\nY\u00f6netmelik gere\u011fi m\u00fcmk\u00fcn de\u011fildir. Ayr\u0131ca Cayma hakk\u0131 s\u00fcresi\nsona ermeden \u00f6nce, t\u00fcketicinin onay\u0131 ile ifas\u0131na ba\u015flanan\nhizmetlere ili\u015fkin cayma hakk\u0131n\u0131n kullan\u0131lmas\u0131 da Y\u00f6netmelik\ngere\u011fi m\u00fcmk\u00fcn de\u011fildir.<\/p>\n\n\n\n<p>\n22.Kozmetik\nve ki\u015fisel bak\u0131m \u00fcr\u00fcnleri, i\u00e7 giyim \u00fcr\u00fcnleri, mayo, bikini,\nkitap, kopyalanabilir yaz\u0131l\u0131m ve programlar, DVD, VCD, CD ve\nkasetler ile k\u0131rtasiye sarf malzemeleri (toner, kartu\u015f, \u015ferit vb.)\niade edilebilmesi i\u00e7in ambalajlar\u0131n\u0131n a\u00e7\u0131lmam\u0131\u015f, denenmemi\u015f,\nbozulmam\u0131\u015f ve kullan\u0131lmam\u0131\u015f olmalar\u0131 gerekir.&nbsp;<\/p>\n\n\n\n<p>\nTEMERR\u00dcT\nHAL\u0130 VE HUKUK\u0130 SONU\u00c7LARI<\/p>\n\n\n\n<p>\n23.ALICI,\n\u00f6deme i\u015flemlerini &nbsp;kredi kart\u0131 ile yapt\u0131\u011f\u0131 durumda\ntemerr\u00fcde d\u00fc\u015ft\u00fc\u011f\u00fc takdirde, kart sahibi banka ile aras\u0131ndaki\nkredi kart\u0131 s\u00f6zle\u015fmesi \u00e7er\u00e7evesinde faiz \u00f6deyece\u011fini ve\nbankaya kar\u015f\u0131 sorumlu olaca\u011f\u0131n\u0131 kabul, beyan ve taahh\u00fct eder.\nBu durumda ilgili banka hukuki yollara ba\u015fvurabilir; do\u011facak\nmasraflar\u0131 ve vek\u00e2let \u00fccretini ALICI\u2019dan talep edebilir ve her\nko\u015fulda ALICI\u2019n\u0131n borcundan dolay\u0131 temerr\u00fcde d\u00fc\u015fmesi halinde,\nALICI, borcun gecikmeli ifas\u0131ndan dolay\u0131 SATICI\u2019n\u0131n u\u011frad\u0131\u011f\u0131\nzarar ve ziyan\u0131n\u0131 \u00f6deyece\u011fini kabul eder.&nbsp;<\/p>\n\n\n\n<p>\n\u00d6DEME\nVE TESL\u0130MAT<\/p>\n\n\n\n<p>\n24.Banka\nHavalesi veya EFT (Elektronik Fon Transferi) yaparak, Yap\u0131 Kredi\nbankas\u0131 hesaplar\u0131m\u0131zdan (TL) herhangi birine yapabilirsiniz.<\/p>\n\n\n\n<p>\n25.Sitemiz\n\u00fczerinden kredi kartlar\u0131n\u0131z ile, Her t\u00fcrl\u00fc kredi kart\u0131n\u0131za\nonline tek \u00f6deme ya da online taksit imk\u00e2nlar\u0131ndan\nyararlanabilirsiniz. Online \u00f6demelerinizde sipari\u015finiz sonunda\nkredi kart\u0131n\u0131zdan tutar \u00e7ekim i\u015flemi ger\u00e7ekle\u015fecektir.<\/p>\n","protected":false},"excerpt":{"rendered":"<p>T\u00dcKET\u0130C\u0130 HAKLARI \u2013 CAYMA \u2013 \u0130PTAL \u0130ADE KO\u015eULLARI GENEL: 1.Kullanmakta oldu\u011funuz web sitesi \u00fczerinden elektronik ortamda sipari\u015f verdi\u011finiz takdirde, size sunulan \u00f6n bilgilendirme formunu ve mesafeli sat\u0131\u015f s\u00f6zle\u015fmesini kabul etmi\u015f say\u0131l\u0131rs\u0131n\u0131z. 2.Al\u0131c\u0131lar, sat\u0131n ald\u0131klar\u0131 \u00fcr\u00fcn\u00fcn sat\u0131\u015f ve teslimi ile ilgili olarak 6502 say\u0131l\u0131 T\u00fcketicinin Korunmas\u0131 Hakk\u0131nda Kanun ve Mesafeli S\u00f6zle\u015fmeler Y\u00f6netmeli\u011fi (RG:27.11.2014\/29188) h\u00fck\u00fcmleri ile y\u00fcr\u00fcrl\u00fckteki [&#8230;]\n","protected":false},"author":1,"featured_media":0,"parent":0,"menu_order":0,"comment_status":"closed","ping_status":"closed","template":"","meta":{"footnotes":""},"class_list":["post-778","page","type-page","status-publish","hentry"],"_links":{"self":[{"href":"https:\/\/aathatsit.co\/index.php?rest_route=\/wp\/v2\/pages\/778","targetHints":{"allow":["GET"]}}],"collection":[{"href":"https:\/\/aathatsit.co\/index.php?rest_route=\/wp\/v2\/pages"}],"about":[{"href":"https:\/\/aathatsit.co\/index.php?rest_route=\/wp\/v2\/types\/page"}],"author":[{"embeddable":true,"href":"https:\/\/aathatsit.co\/index.php?rest_route=\/wp\/v2\/users\/1"}],"replies":[{"embeddable":true,"href":"https:\/\/aathatsit.co\/index.php?rest_route=%2Fwp%2Fv2%2Fcomments&post=778"}],"version-history":[{"count":1,"href":"https:\/\/aathatsit.co\/index.php?rest_route=\/wp\/v2\/pages\/778\/revisions"}],"predecessor-version":[{"id":779,"href":"https:\/\/aathatsit.co\/index.php?rest_route=\/wp\/v2\/pages\/778\/revisions\/779"}],"wp:attachment":[{"href":"https:\/\/aathatsit.co\/index.php?rest_route=%2Fwp%2Fv2%2Fmedia&parent=778"}],"curies":[{"name":"wp","href":"https:\/\/api.w.org\/{rel}","templated":true}]}}