{"id":3144,"date":"2021-12-01T14:23:45","date_gmt":"2021-12-01T11:23:45","guid":{"rendered":"https:\/\/aathatsit.com\/?post_type=product&#038;p=3144"},"modified":"2024-03-27T13:46:12","modified_gmt":"2024-03-27T10:46:12","slug":"stronge","status":"publish","type":"product","link":"https:\/\/aathatsit.co\/?product=stronge","title":{"rendered":"STRONGE"},"content":{"rendered":"<p>Kap\u00fc\u015fonlu ya\u011fmurluk<\/p>\n","protected":false},"excerpt":{"rendered":"<p>Kap\u00fc\u015fonlu ya\u011fmurluk<\/p>\n","protected":false},"featured_media":3185,"comment_status":"open","ping_status":"closed","template":"","meta":[],"product_brand":[],"product_cat":[71],"product_tag":[],"class_list":{"0":"post-3144","1":"product","2":"type-product","3":"status-publish","4":"has-post-thumbnail","6":"product_cat-mixed","8":"first","9":"outofstock","10":"shipping-taxable","11":"purchasable","12":"product-type-simple"},"_links":{"self":[{"href":"https:\/\/aathatsit.co\/index.php?rest_route=\/wp\/v2\/product\/3144","targetHints":{"allow":["GET"]}}],"collection":[{"href":"https:\/\/aathatsit.co\/index.php?rest_route=\/wp\/v2\/product"}],"about":[{"href":"https:\/\/aathatsit.co\/index.php?rest_route=\/wp\/v2\/types\/product"}],"replies":[{"embeddable":true,"href":"https:\/\/aathatsit.co\/index.php?rest_route=%2Fwp%2Fv2%2Fcomments&post=3144"}],"wp:featuredmedia":[{"embeddable":true,"href":"https:\/\/aathatsit.co\/index.php?rest_route=\/wp\/v2\/media\/3185"}],"wp:attachment":[{"href":"https:\/\/aathatsit.co\/index.php?rest_route=%2Fwp%2Fv2%2Fmedia&parent=3144"}],"wp:term":[{"taxonomy":"product_brand","embeddable":true,"href":"https:\/\/aathatsit.co\/index.php?rest_route=%2Fwp%2Fv2%2Fproduct_brand&post=3144"},{"taxonomy":"product_cat","embeddable":true,"href":"https:\/\/aathatsit.co\/index.php?rest_route=%2Fwp%2Fv2%2Fproduct_cat&post=3144"},{"taxonomy":"product_tag","embeddable":true,"href":"https:\/\/aathatsit.co\/index.php?rest_route=%2Fwp%2Fv2%2Fproduct_tag&post=3144"}],"curies":[{"name":"wp","href":"https:\/\/api.w.org\/{rel}","templated":true}]}}