{"id":3270,"date":"2022-05-16T23:49:20","date_gmt":"2022-05-16T20:49:20","guid":{"rendered":"https:\/\/aathatsit.com\/?post_type=product&#038;p=3270"},"modified":"2025-12-08T15:16:59","modified_gmt":"2025-12-08T12:16:59","slug":"gizzy","status":"publish","type":"product","link":"https:\/\/aathatsit.co\/?product=gizzy","title":{"rendered":"GIZZY"},"content":{"rendered":"<p>Ku\u015fakl\u0131 V yaka bluz<\/p>\n<p>&nbsp;<\/p>\n<p><strong>*\u00d6n Sipari\u015f* etiketli \u00fcr\u00fcnlerimizin ortalama teslim s\u00fcresi 1 haftad\u0131r.<\/strong><\/p>\n","protected":false},"excerpt":{"rendered":"<p>Ku\u015fakl\u0131 V yaka bluz &nbsp; *\u00d6n Sipari\u015f* etiketli \u00fcr\u00fcnlerimizin ortalama teslim s\u00fcresi 1 haftad\u0131r.<\/p>\n","protected":false},"featured_media":3271,"comment_status":"open","ping_status":"closed","template":"","meta":[],"product_brand":[],"product_cat":[71],"product_tag":[],"class_list":{"0":"post-3270","1":"product","2":"type-product","3":"status-publish","4":"has-post-thumbnail","6":"product_cat-mixed","8":"first","9":"instock","10":"featured","11":"shipping-taxable","12":"purchasable","13":"product-type-simple"},"_links":{"self":[{"href":"https:\/\/aathatsit.co\/index.php?rest_route=\/wp\/v2\/product\/3270","targetHints":{"allow":["GET"]}}],"collection":[{"href":"https:\/\/aathatsit.co\/index.php?rest_route=\/wp\/v2\/product"}],"about":[{"href":"https:\/\/aathatsit.co\/index.php?rest_route=\/wp\/v2\/types\/product"}],"replies":[{"embeddable":true,"href":"https:\/\/aathatsit.co\/index.php?rest_route=%2Fwp%2Fv2%2Fcomments&post=3270"}],"wp:featuredmedia":[{"embeddable":true,"href":"https:\/\/aathatsit.co\/index.php?rest_route=\/wp\/v2\/media\/3271"}],"wp:attachment":[{"href":"https:\/\/aathatsit.co\/index.php?rest_route=%2Fwp%2Fv2%2Fmedia&parent=3270"}],"wp:term":[{"taxonomy":"product_brand","embeddable":true,"href":"https:\/\/aathatsit.co\/index.php?rest_route=%2Fwp%2Fv2%2Fproduct_brand&post=3270"},{"taxonomy":"product_cat","embeddable":true,"href":"https:\/\/aathatsit.co\/index.php?rest_route=%2Fwp%2Fv2%2Fproduct_cat&post=3270"},{"taxonomy":"product_tag","embeddable":true,"href":"https:\/\/aathatsit.co\/index.php?rest_route=%2Fwp%2Fv2%2Fproduct_tag&post=3270"}],"curies":[{"name":"wp","href":"https:\/\/api.w.org\/{rel}","templated":true}]}}