{"id":3310,"date":"2022-05-17T00:38:46","date_gmt":"2022-05-16T21:38:46","guid":{"rendered":"https:\/\/aathatsit.com\/?post_type=product&#038;p=3310"},"modified":"2025-12-08T15:15:22","modified_gmt":"2025-12-08T12:15:22","slug":"hey-file-yirtmacli-elbise","status":"publish","type":"product","link":"https:\/\/aathatsit.co\/?product=hey-file-yirtmacli-elbise","title":{"rendered":"HEY-File Y\u0131rtma\u00e7l\u0131 Elbise"},"content":{"rendered":"<p>File Y\u0131rtma\u00e7l\u0131 Elbise<\/p>\n<p>&nbsp;<\/p>\n<p><strong>*\u00d6n Sipari\u015f* etiketli \u00fcr\u00fcnlerimizin ortalama teslim s\u00fcresi 1 haftad\u0131r.<\/strong><\/p>\n","protected":false},"excerpt":{"rendered":"<p>File Y\u0131rtma\u00e7l\u0131 Elbise &nbsp; *\u00d6n Sipari\u015f* etiketli \u00fcr\u00fcnlerimizin ortalama teslim s\u00fcresi 1 haftad\u0131r.<\/p>\n","protected":false},"featured_media":3311,"comment_status":"open","ping_status":"closed","template":"","meta":[],"product_brand":[],"product_cat":[71],"product_tag":[],"class_list":{"0":"post-3310","1":"product","2":"type-product","3":"status-publish","4":"has-post-thumbnail","6":"product_cat-mixed","8":"first","9":"instock","10":"featured","11":"shipping-taxable","12":"purchasable","13":"product-type-simple"},"_links":{"self":[{"href":"https:\/\/aathatsit.co\/index.php?rest_route=\/wp\/v2\/product\/3310","targetHints":{"allow":["GET"]}}],"collection":[{"href":"https:\/\/aathatsit.co\/index.php?rest_route=\/wp\/v2\/product"}],"about":[{"href":"https:\/\/aathatsit.co\/index.php?rest_route=\/wp\/v2\/types\/product"}],"replies":[{"embeddable":true,"href":"https:\/\/aathatsit.co\/index.php?rest_route=%2Fwp%2Fv2%2Fcomments&post=3310"}],"wp:featuredmedia":[{"embeddable":true,"href":"https:\/\/aathatsit.co\/index.php?rest_route=\/wp\/v2\/media\/3311"}],"wp:attachment":[{"href":"https:\/\/aathatsit.co\/index.php?rest_route=%2Fwp%2Fv2%2Fmedia&parent=3310"}],"wp:term":[{"taxonomy":"product_brand","embeddable":true,"href":"https:\/\/aathatsit.co\/index.php?rest_route=%2Fwp%2Fv2%2Fproduct_brand&post=3310"},{"taxonomy":"product_cat","embeddable":true,"href":"https:\/\/aathatsit.co\/index.php?rest_route=%2Fwp%2Fv2%2Fproduct_cat&post=3310"},{"taxonomy":"product_tag","embeddable":true,"href":"https:\/\/aathatsit.co\/index.php?rest_route=%2Fwp%2Fv2%2Fproduct_tag&post=3310"}],"curies":[{"name":"wp","href":"https:\/\/api.w.org\/{rel}","templated":true}]}}