{"id":3326,"date":"2022-05-17T00:48:04","date_gmt":"2022-05-16T21:48:04","guid":{"rendered":"https:\/\/aathatsit.com\/?post_type=product&#038;p=3326"},"modified":"2025-12-08T15:13:13","modified_gmt":"2025-12-08T12:13:13","slug":"monroe","status":"publish","type":"product","link":"https:\/\/aathatsit.co\/?product=monroe","title":{"rendered":"MONROE"},"content":{"rendered":"<p>Gofre pamuk keten,V yaka boyundan ba\u011flamal\u0131,s\u0131rt dekolteli uzun elbise<\/p>\n<p>&nbsp;<\/p>\n<p><strong>*\u00d6n Sipari\u015f* etiketli \u00fcr\u00fcnlerimizin ortalama teslim s\u00fcresi 1 haftad\u0131r.<\/strong><\/p>\n","protected":false},"excerpt":{"rendered":"<p>Gofre pamuk keten,V yaka boyundan ba\u011flamal\u0131,s\u0131rt dekolteli uzun elbise &nbsp; *\u00d6n Sipari\u015f* etiketli \u00fcr\u00fcnlerimizin ortalama teslim s\u00fcresi 1 haftad\u0131r.<\/p>\n","protected":false},"featured_media":3327,"comment_status":"open","ping_status":"closed","template":"","meta":[],"product_brand":[],"product_cat":[71],"product_tag":[],"class_list":{"0":"post-3326","1":"product","2":"type-product","3":"status-publish","4":"has-post-thumbnail","6":"product_cat-mixed","8":"first","9":"instock","10":"featured","11":"shipping-taxable","12":"purchasable","13":"product-type-simple"},"_links":{"self":[{"href":"https:\/\/aathatsit.co\/index.php?rest_route=\/wp\/v2\/product\/3326","targetHints":{"allow":["GET"]}}],"collection":[{"href":"https:\/\/aathatsit.co\/index.php?rest_route=\/wp\/v2\/product"}],"about":[{"href":"https:\/\/aathatsit.co\/index.php?rest_route=\/wp\/v2\/types\/product"}],"replies":[{"embeddable":true,"href":"https:\/\/aathatsit.co\/index.php?rest_route=%2Fwp%2Fv2%2Fcomments&post=3326"}],"wp:featuredmedia":[{"embeddable":true,"href":"https:\/\/aathatsit.co\/index.php?rest_route=\/wp\/v2\/media\/3327"}],"wp:attachment":[{"href":"https:\/\/aathatsit.co\/index.php?rest_route=%2Fwp%2Fv2%2Fmedia&parent=3326"}],"wp:term":[{"taxonomy":"product_brand","embeddable":true,"href":"https:\/\/aathatsit.co\/index.php?rest_route=%2Fwp%2Fv2%2Fproduct_brand&post=3326"},{"taxonomy":"product_cat","embeddable":true,"href":"https:\/\/aathatsit.co\/index.php?rest_route=%2Fwp%2Fv2%2Fproduct_cat&post=3326"},{"taxonomy":"product_tag","embeddable":true,"href":"https:\/\/aathatsit.co\/index.php?rest_route=%2Fwp%2Fv2%2Fproduct_tag&post=3326"}],"curies":[{"name":"wp","href":"https:\/\/api.w.org\/{rel}","templated":true}]}}