{"id":3410,"date":"2022-11-29T22:54:16","date_gmt":"2022-11-29T19:54:16","guid":{"rendered":"https:\/\/aathatsit.com\/?post_type=product&#038;p=3410"},"modified":"2025-12-05T11:51:33","modified_gmt":"2025-12-05T08:51:33","slug":"tassy","status":"publish","type":"product","link":"https:\/\/aathatsit.co\/?product=tassy","title":{"rendered":"Tassy-Transparan P\u00fcsk\u00fcll\u00fc Bluz"},"content":{"rendered":"","protected":false},"excerpt":{"rendered":"","protected":false},"featured_media":3411,"comment_status":"open","ping_status":"closed","template":"","meta":[],"product_brand":[],"product_cat":[104],"product_tag":[],"class_list":{"0":"post-3410","1":"product","2":"type-product","3":"status-publish","4":"has-post-thumbnail","6":"product_cat-fest","8":"first","9":"outofstock","10":"shipping-taxable","11":"purchasable","12":"product-type-simple"},"_links":{"self":[{"href":"https:\/\/aathatsit.co\/index.php?rest_route=\/wp\/v2\/product\/3410","targetHints":{"allow":["GET"]}}],"collection":[{"href":"https:\/\/aathatsit.co\/index.php?rest_route=\/wp\/v2\/product"}],"about":[{"href":"https:\/\/aathatsit.co\/index.php?rest_route=\/wp\/v2\/types\/product"}],"replies":[{"embeddable":true,"href":"https:\/\/aathatsit.co\/index.php?rest_route=%2Fwp%2Fv2%2Fcomments&post=3410"}],"wp:featuredmedia":[{"embeddable":true,"href":"https:\/\/aathatsit.co\/index.php?rest_route=\/wp\/v2\/media\/3411"}],"wp:attachment":[{"href":"https:\/\/aathatsit.co\/index.php?rest_route=%2Fwp%2Fv2%2Fmedia&parent=3410"}],"wp:term":[{"taxonomy":"product_brand","embeddable":true,"href":"https:\/\/aathatsit.co\/index.php?rest_route=%2Fwp%2Fv2%2Fproduct_brand&post=3410"},{"taxonomy":"product_cat","embeddable":true,"href":"https:\/\/aathatsit.co\/index.php?rest_route=%2Fwp%2Fv2%2Fproduct_cat&post=3410"},{"taxonomy":"product_tag","embeddable":true,"href":"https:\/\/aathatsit.co\/index.php?rest_route=%2Fwp%2Fv2%2Fproduct_tag&post=3410"}],"curies":[{"name":"wp","href":"https:\/\/api.w.org\/{rel}","templated":true}]}}